{"id":16023,"date":"2023-08-11T21:32:36","date_gmt":"2023-08-11T21:32:36","guid":{"rendered":"https:\/\/www.cold-sense.com\/test-consulenza\/"},"modified":"2025-12-16T15:10:50","modified_gmt":"2025-12-16T15:10:50","slug":"progetti","status":"publish","type":"page","link":"https:\/\/www.cold-sense.com\/it\/progetti\/","title":{"rendered":"Progetti"},"content":{"rendered":"<p>[et_pb_section fb_built=&#8221;1&#8243; _builder_version=&#8221;4.16&#8243; _module_preset=&#8221;default&#8221; custom_margin=&#8221;64px||||false|false&#8221; custom_margin_tablet=&#8221;&#8221; custom_margin_phone=&#8221;60px||||false|false&#8221; custom_margin_last_edited=&#8221;on|phone&#8221; global_colors_info=&#8221;{}&#8221;][et_pb_row custom_padding_last_edited=&#8221;on|tablet&#8221; _builder_version=&#8221;4.16&#8243; _module_preset=&#8221;default&#8221; max_width=&#8221;1200px&#8221; module_alignment=&#8221;center&#8221; custom_padding=&#8221;24px||0px||false|false&#8221; custom_padding_tablet=&#8221;54px||||false|false&#8221; custom_padding_phone=&#8221;48px||||false|false&#8221; global_colors_info=&#8221;{}&#8221;][et_pb_column type=&#8221;4_4&#8243; _builder_version=&#8221;4.16&#8243; _module_preset=&#8221;default&#8221; global_colors_info=&#8221;{}&#8221;][et_pb_text admin_label=&#8221;Back to home&#8221; _builder_version=&#8221;4.16&#8243; _module_preset=&#8221;default&#8221; text_font=&#8221;Roboto||||||||&#8221; text_text_color=&#8221;#002948&#8243; text_letter_spacing=&#8221;0.7px&#8221; text_line_height=&#8221;25px&#8221; link_font=&#8221;Roboto||||||||&#8221; link_text_color=&#8221;#00264D&#8221; text_text_color_tablet=&#8221;&#8221; text_text_color_phone=&#8221;&#8221; text_text_color_last_edited=&#8221;on|desktop&#8221; link_text_color_tablet=&#8221;&#8221; link_text_color_phone=&#8221;&#8221; link_text_color_last_edited=&#8221;on|desktop&#8221; global_colors_info=&#8221;{}&#8221; text_text_color__hover_enabled=&#8221;on|desktop&#8221; text_text_color__hover=&#8221;#D5E5FB&#8221; link_text_color__hover_enabled=&#8221;on|hover&#8221; link_text_color__hover=&#8221;#D5E5FB&#8221;]<\/p>\n<p><a href=\"\/\"><img loading=\"lazy\" decoding=\"async\" class=\"wp-image-3348 alignnone size-full\" style=\"margin-left: 3px;\" src=\"https:\/\/www.cold-sense.com\/wp-content\/uploads\/template\/arrowleft.svg\" alt=\"\" width=\"18\" height=\"18\" \/><\/a>\u00a0<a href=\"\/\"><span class=\"elbackto\">Homepage<\/span><\/a><\/p>\n<p>[\/et_pb_text][\/et_pb_column][\/et_pb_row][et_pb_row _builder_version=&#8221;4.16&#8243; _module_preset=&#8221;default&#8221; max_width=&#8221;1200px&#8221; module_alignment=&#8221;center&#8221; custom_margin=&#8221;||0px||false|false&#8221; custom_padding=&#8221;||0px||false|false&#8221; global_colors_info=&#8221;{}&#8221;][et_pb_column type=&#8221;4_4&#8243; _builder_version=&#8221;4.16&#8243; _module_preset=&#8221;default&#8221; global_colors_info=&#8221;{}&#8221;][et_pb_text admin_label=&#8221;Testing &#038; Beratung&#8221; _builder_version=&#8221;4.16&#8243; _module_preset=&#8221;default&#8221; header_font=&#8221;Roboto|700|||||||&#8221; header_text_align=&#8221;center&#8221; header_text_color=&#8221;#002948&#8243; header_font_size=&#8221;56px&#8221; header_line_height=&#8221;64px&#8221; custom_margin=&#8221;||0px||false|false&#8221; custom_padding=&#8221;||0px||false|false&#8221; header_font_size_tablet=&#8221;&#8221; header_font_size_phone=&#8221;32px&#8221; header_font_size_last_edited=&#8221;on|desktop&#8221; header_line_height_tablet=&#8221;&#8221; header_line_height_phone=&#8221;40px&#8221; header_line_height_last_edited=&#8221;on|desktop&#8221; global_colors_info=&#8221;{}&#8221;]<\/p>\n<h1>Progetti<\/h1>\n<p>[\/et_pb_text][et_pb_text admin_label=&#8221;Im Rahmen von Forschungs- und Entwicklungsvorhaben l\u00f6sen wir f\u00fcr Sie k\u00e4lte- und vereisungsbezogene Fragestellungen. &#8221; _builder_version=&#8221;4.27.2&#8243; _module_preset=&#8221;default&#8221; text_font=&#8221;Roboto|300|||||||&#8221; text_text_color=&#8221;#002948&#8243; text_font_size=&#8221;20px&#8221; text_line_height=&#8221;1.6em&#8221; header_font=&#8221;Roboto|700|||||||&#8221; header_text_align=&#8221;center&#8221; header_text_color=&#8221;#002948&#8243; header_font_size=&#8221;48px&#8221; header_line_height=&#8221;16px&#8221; text_orientation=&#8221;center&#8221; max_width=&#8221;640px&#8221; module_alignment=&#8221;center&#8221; custom_margin=&#8221;10px||||false|false&#8221; custom_padding=&#8221;||||false|false&#8221; hover_enabled=&#8221;0&#8243; custom_css_main_element=&#8221;font-weight: normal !important;&#8221; global_colors_info=&#8221;{}&#8221; sticky_enabled=&#8221;0&#8243;]<\/p>\n<p>Coldsense ha gi\u00e0 implementato le sue soluzioni in numerose aziende. Scoprite qui i nostri ultimi progetti.<\/p>\n<p>[\/et_pb_text][\/et_pb_column][\/et_pb_row][\/et_pb_section][et_pb_section fb_built=&#8221;1&#8243; _builder_version=&#8221;4.27.2&#8243; _module_preset=&#8221;default&#8221; custom_margin=&#8221;16px||90px||false|false&#8221; custom_padding=&#8221;||100px||false|false&#8221; locked=&#8221;off&#8221; collapsed=&#8221;off&#8221; global_colors_info=&#8221;{}&#8221;][et_pb_row column_structure=&#8221;1_2,1_2&#8243; _builder_version=&#8221;4.27.2&#8243; _module_preset=&#8221;default&#8221; max_width=&#8221;1200px&#8221; custom_padding=&#8221;||24px||false|false&#8221; global_colors_info=&#8221;{}&#8221;][et_pb_column type=&#8221;1_2&#8243; _builder_version=&#8221;4.27.2&#8243; _module_preset=&#8221;default&#8221; custom_padding=&#8221;0px|0px|25px||false|false&#8221; link_option_url=&#8221;https:\/\/www.cold-sense.com\/it\/project\/coldsense-in-italia\/&#8221; border_radii=&#8221;on|4px|4px|4px|4px&#8221; box_shadow_style=&#8221;preset3&#8243; box_shadow_spread=&#8221;-10px&#8221; global_colors_info=&#8221;{}&#8221; box_shadow_color__hover_enabled=&#8221;on|hover&#8221; box_shadow_spread__hover_enabled=&#8221;on|desktop&#8221; box_shadow_spread__hover=&#8221;-4px&#8221; box_shadow_color__hover=&#8221;rgba(0,0,0,0.5)&#8221;][et_pb_image alt=&#8221;Windmills&#8221; title_text=&#8221;Bild3&#8243; force_fullwidth=&#8221;on&#8221; _builder_version=&#8221;4.27.2&#8243; _module_preset=&#8221;default&#8221; background_image=&#8221;https:\/\/www.cold-sense.com\/wp-content\/uploads\/2025\/12\/Bild3.jpg&#8221; background_position=&#8221;top_center&#8221; custom_margin=&#8221;||28px|||&#8221; custom_padding=&#8221;|0px||||&#8221; custom_css_main_element=&#8221;min-height: 280px!important;||&#8221; locked=&#8221;off&#8221; global_colors_info=&#8221;{}&#8221; background__hover_enabled=&#8221;on|desktop&#8221; custom_css_main_element__hover_enabled=&#8221;on|hover&#8221; custom_css_main_element__hover=&#8221;min-height: 280px!important;||||||&#8221;][\/et_pb_image][et_pb_text admin_label=&#8221;Beratung&#8221; _builder_version=&#8221;4.27.2&#8243; _module_preset=&#8221;default&#8221; text_font=&#8221;Roboto||||||||&#8221; text_text_color=&#8221;#002948&#8243; text_font_size=&#8221;28px&#8221; max_width=&#8221;600px&#8221; custom_margin=&#8221;-1px|||||&#8221; custom_padding=&#8221;3px||7px|28px||&#8221; global_colors_info=&#8221;{}&#8221;]<\/p>\n<p>Coldsense in Italia<\/p>\n<p>[\/et_pb_text][et_pb_text module_class=&#8221;padding-bottom&#8221; _builder_version=&#8221;4.27.2&#8243; _module_preset=&#8221;default&#8221; text_font=&#8221;Roboto|300|||||||&#8221; text_text_color=&#8221;#002948&#8243; text_font_size=&#8221;16px&#8221; text_line_height=&#8221;1.8em&#8221; max_width=&#8221;600px&#8221; custom_margin=&#8221;-20px|30px|24px|30px|false|false&#8221; custom_padding=&#8221;|||0px||&#8221; hover_enabled=&#8221;0&#8243; custom_css_main_element=&#8221;font-weight: normal !important;&#8221; global_colors_info=&#8221;{}&#8221; sticky_enabled=&#8221;0&#8243;]Scopri le nostre attivit\u00e0 per l&#8217;industria alimentare italiana. Questo progetto \u00e8 promosso nell&#8217;ambito del programma Renewable Energy Solutions del Ministero Federale dell\u2019Economia e dell\u2019Energia.[\/et_pb_text][et_pb_button button_url=&#8221;https:\/\/www.cold-sense.com\/it\/project\/coldsense-in-italia\/&#8221; button_text=&#8221;Scopri di pi\u00f9&#8221; button_alignment=&#8221;right&#8221; button_alignment_tablet=&#8221;center&#8221; button_alignment_phone=&#8221;center&#8221; button_alignment_last_edited=&#8221;on|phone&#8221; admin_label=&#8221;Mehr erfahren&#8221; _builder_version=&#8221;4.27.2&#8243; _module_preset=&#8221;default&#8221; custom_button=&#8221;on&#8221; button_text_size=&#8221;16px&#8221; button_text_color=&#8221;#0246B2&#8243; button_border_width=&#8221;1px&#8221; button_border_color=&#8221;#0246B2&#8243; button_border_radius=&#8221;22px&#8221; button_font=&#8221;Roboto||||||||&#8221; button_use_icon=&#8221;off&#8221; custom_margin=&#8221;|24px|||false|false&#8221; custom_margin_tablet=&#8221;|0px|||false|false&#8221; custom_margin_phone=&#8221;&#8221; custom_margin_last_edited=&#8221;on|desktop&#8221; custom_padding=&#8221;6px|16px|5px|16px|false|true&#8221; hover_enabled=&#8221;0&#8243; button_text_color_tablet=&#8221;&#8221; button_text_color_phone=&#8221;&#8221; button_text_color_last_edited=&#8221;on|desktop&#8221; button_bg_color_tablet=&#8221;&#8221; button_bg_color_phone=&#8221;&#8221; button_bg_color_last_edited=&#8221;on|desktop&#8221; button_font_tablet=&#8221;&#8221; button_font_phone=&#8221;&#8221; button_font_last_edited=&#8221;on|desktop&#8221; custom_css_main_element=&#8221;font-weight: 500!important;||\/*min-width: 153px!important;*\/&#8221; global_colors_info=&#8221;{}&#8221; button_bg_color__hover_enabled=&#8221;on|desktop&#8221; button_bg_color__hover=&#8221;&#8221; button_bg_enable_color__hover=&#8221;off&#8221; button_border_width__hover_enabled=&#8221;on|hover&#8221; button_border_width__hover=&#8221;1px&#8221; button_border_color__hover_enabled=&#8221;on|hover&#8221; custom_css_main_element__hover_enabled=&#8221;on|hover&#8221; custom_css_main_element__hover=&#8221;font-weight: 500!important;||\/*min-width: 153px!important;*\/&#8221; button_text_color__hover_enabled=&#8221;on|hover&#8221; button_text_color__hover=&#8221;#00296A&#8221; button_border_color__hover=&#8221;#00296A&#8221; sticky_enabled=&#8221;0&#8243;][\/et_pb_button][\/et_pb_column][et_pb_column type=&#8221;1_2&#8243; _builder_version=&#8221;4.27.2&#8243; _dynamic_attributes=&#8221;link_option_url&#8221; _module_preset=&#8221;default&#8221; custom_padding=&#8221;0px|0px|25px||false|false&#8221; link_option_url=&#8221;@ET-DC@eyJkeW5hbWljIjp0cnVlLCJjb250ZW50IjoicG9zdF9saW5rX3VybF9wYWdlIiwic2V0dGluZ3MiOnsicG9zdF9pZCI6IjY2ODIifX0=@&#8221; border_radii=&#8221;on|4px|4px|4px|4px&#8221; global_colors_info=&#8221;{}&#8221; box_shadow_color__hover_enabled=&#8221;on|hover&#8221; box_shadow_spread__hover_enabled=&#8221;on|desktop&#8221; box_shadow_spread__hover=&#8221;-4px&#8221; box_shadow_color__hover=&#8221;rgba(0,0,0,0.5)&#8221;][\/et_pb_column][\/et_pb_row][\/et_pb_section]<\/p>\n","protected":false},"excerpt":{"rendered":"<p>\u00a0HomepageProgettiColdsense ha gi\u00e0 implementato le sue soluzioni in numerose aziende. Scoprite qui i nostri ultimi progetti.Coldsense in ItaliaScopri le nostre attivit\u00e0 per l&#8217;industria alimentare italiana. Questo progetto \u00e8 promosso nell&#8217;ambito del programma Renewable Energy Solutions del Ministero Federale dell\u2019Economia e dell\u2019Energia.<\/p>\n","protected":false},"author":1,"featured_media":0,"parent":0,"menu_order":0,"comment_status":"closed","ping_status":"closed","template":"","meta":{"_et_pb_use_builder":"on","_et_pb_old_content":"","_et_gb_content_width":"","footnotes":""},"class_list":["post-16023","page","type-page","status-publish","hentry"],"yoast_head":"<!-- This site is optimized with the Yoast SEO plugin v26.6 - https:\/\/yoast.com\/wordpress\/plugins\/seo\/ -->\n<title>Progetti di riferimento di Coldsense<\/title>\n<meta name=\"description\" content=\"Progetti di riferimento di Coldsense ed esempi pratici su come risparmiare fino al 40% di energia nella tecnologia di refrigerazione dell&#039;industria alimentare.\" \/>\n<meta name=\"robots\" content=\"index, follow, max-snippet:-1, max-image-preview:large, max-video-preview:-1\" \/>\n<link rel=\"canonical\" href=\"https:\/\/www.cold-sense.com\/projekte\/\" \/>\n<meta property=\"og:locale\" content=\"it_IT\" \/>\n<meta property=\"og:type\" content=\"article\" \/>\n<meta property=\"og:title\" content=\"Progetti di riferimento di Coldsense\" \/>\n<meta property=\"og:description\" content=\"Progetti di riferimento di Coldsense ed esempi pratici su come risparmiare fino al 40% di energia nella tecnologia di refrigerazione dell&#039;industria alimentare.\" \/>\n<meta property=\"og:url\" content=\"https:\/\/www.cold-sense.com\/projekte\/\" \/>\n<meta property=\"og:site_name\" content=\"Coldsense Technologies\" \/>\n<meta property=\"article:modified_time\" content=\"2025-12-16T15:10:50+00:00\" \/>\n<meta property=\"og:image\" content=\"https:\/\/www.cold-sense.com\/wp-content\/uploads\/2021\/02\/Arrow-back.png\" \/>\n\t<meta property=\"og:image:width\" content=\"24\" \/>\n\t<meta property=\"og:image:height\" content=\"24\" \/>\n\t<meta property=\"og:image:type\" content=\"image\/png\" \/>\n<meta name=\"twitter:card\" content=\"summary_large_image\" \/>\n<meta name=\"twitter:label1\" content=\"Tempo di lettura stimato\" \/>\n\t<meta name=\"twitter:data1\" content=\"1 minuto\" \/>\n<script type=\"application\/ld+json\" class=\"yoast-schema-graph\">{\"@context\":\"https:\/\/schema.org\",\"@graph\":[{\"@type\":\"WebPage\",\"@id\":\"https:\/\/www.cold-sense.com\/projekte\/\",\"url\":\"https:\/\/www.cold-sense.com\/projekte\/\",\"name\":\"Progetti di riferimento di Coldsense\",\"isPartOf\":{\"@id\":\"https:\/\/www.cold-sense.com\/#website\"},\"primaryImageOfPage\":{\"@id\":\"https:\/\/www.cold-sense.com\/projekte\/#primaryimage\"},\"image\":{\"@id\":\"https:\/\/www.cold-sense.com\/projekte\/#primaryimage\"},\"thumbnailUrl\":\"https:\/\/www.cold-sense.com\/wp-content\/uploads\/template\/arrowleft.svg\",\"datePublished\":\"2023-08-11T21:32:36+00:00\",\"dateModified\":\"2025-12-16T15:10:50+00:00\",\"description\":\"Progetti di riferimento di Coldsense ed esempi pratici su come risparmiare fino al 40% di energia nella tecnologia di refrigerazione dell'industria alimentare.\",\"breadcrumb\":{\"@id\":\"https:\/\/www.cold-sense.com\/projekte\/#breadcrumb\"},\"inLanguage\":\"it-IT\",\"potentialAction\":[{\"@type\":\"ReadAction\",\"target\":[\"https:\/\/www.cold-sense.com\/projekte\/\"]}]},{\"@type\":\"ImageObject\",\"inLanguage\":\"it-IT\",\"@id\":\"https:\/\/www.cold-sense.com\/projekte\/#primaryimage\",\"url\":\"https:\/\/www.cold-sense.com\/wp-content\/uploads\/template\/arrowleft.svg\",\"contentUrl\":\"https:\/\/www.cold-sense.com\/wp-content\/uploads\/template\/arrowleft.svg\"},{\"@type\":\"BreadcrumbList\",\"@id\":\"https:\/\/www.cold-sense.com\/projekte\/#breadcrumb\",\"itemListElement\":[{\"@type\":\"ListItem\",\"position\":1,\"name\":\"Home\",\"item\":\"https:\/\/www.cold-sense.com\/\"},{\"@type\":\"ListItem\",\"position\":2,\"name\":\"Progetti\"}]},{\"@type\":\"WebSite\",\"@id\":\"https:\/\/www.cold-sense.com\/#website\",\"url\":\"https:\/\/www.cold-sense.com\/\",\"name\":\"Coldsense Technologies\",\"description\":\"Don&#039;t let ice stop your business\",\"potentialAction\":[{\"@type\":\"SearchAction\",\"target\":{\"@type\":\"EntryPoint\",\"urlTemplate\":\"https:\/\/www.cold-sense.com\/?s={search_term_string}\"},\"query-input\":{\"@type\":\"PropertyValueSpecification\",\"valueRequired\":true,\"valueName\":\"search_term_string\"}}],\"inLanguage\":\"it-IT\"}]}<\/script>\n<!-- \/ Yoast SEO plugin. -->","yoast_head_json":{"title":"Progetti di riferimento di Coldsense","description":"Progetti di riferimento di Coldsense ed esempi pratici su come risparmiare fino al 40% di energia nella tecnologia di refrigerazione dell'industria alimentare.","robots":{"index":"index","follow":"follow","max-snippet":"max-snippet:-1","max-image-preview":"max-image-preview:large","max-video-preview":"max-video-preview:-1"},"canonical":"https:\/\/www.cold-sense.com\/projekte\/","og_locale":"it_IT","og_type":"article","og_title":"Progetti di riferimento di Coldsense","og_description":"Progetti di riferimento di Coldsense ed esempi pratici su come risparmiare fino al 40% di energia nella tecnologia di refrigerazione dell'industria alimentare.","og_url":"https:\/\/www.cold-sense.com\/projekte\/","og_site_name":"Coldsense Technologies","article_modified_time":"2025-12-16T15:10:50+00:00","og_image":[{"width":24,"height":24,"url":"https:\/\/www.cold-sense.com\/wp-content\/uploads\/2021\/02\/Arrow-back.png","type":"image\/png"}],"twitter_card":"summary_large_image","twitter_misc":{"Tempo di lettura stimato":"1 minuto"},"schema":{"@context":"https:\/\/schema.org","@graph":[{"@type":"WebPage","@id":"https:\/\/www.cold-sense.com\/projekte\/","url":"https:\/\/www.cold-sense.com\/projekte\/","name":"Progetti di riferimento di Coldsense","isPartOf":{"@id":"https:\/\/www.cold-sense.com\/#website"},"primaryImageOfPage":{"@id":"https:\/\/www.cold-sense.com\/projekte\/#primaryimage"},"image":{"@id":"https:\/\/www.cold-sense.com\/projekte\/#primaryimage"},"thumbnailUrl":"https:\/\/www.cold-sense.com\/wp-content\/uploads\/template\/arrowleft.svg","datePublished":"2023-08-11T21:32:36+00:00","dateModified":"2025-12-16T15:10:50+00:00","description":"Progetti di riferimento di Coldsense ed esempi pratici su come risparmiare fino al 40% di energia nella tecnologia di refrigerazione dell'industria alimentare.","breadcrumb":{"@id":"https:\/\/www.cold-sense.com\/projekte\/#breadcrumb"},"inLanguage":"it-IT","potentialAction":[{"@type":"ReadAction","target":["https:\/\/www.cold-sense.com\/projekte\/"]}]},{"@type":"ImageObject","inLanguage":"it-IT","@id":"https:\/\/www.cold-sense.com\/projekte\/#primaryimage","url":"https:\/\/www.cold-sense.com\/wp-content\/uploads\/template\/arrowleft.svg","contentUrl":"https:\/\/www.cold-sense.com\/wp-content\/uploads\/template\/arrowleft.svg"},{"@type":"BreadcrumbList","@id":"https:\/\/www.cold-sense.com\/projekte\/#breadcrumb","itemListElement":[{"@type":"ListItem","position":1,"name":"Home","item":"https:\/\/www.cold-sense.com\/"},{"@type":"ListItem","position":2,"name":"Progetti"}]},{"@type":"WebSite","@id":"https:\/\/www.cold-sense.com\/#website","url":"https:\/\/www.cold-sense.com\/","name":"Coldsense Technologies","description":"Don&#039;t let ice stop your business","potentialAction":[{"@type":"SearchAction","target":{"@type":"EntryPoint","urlTemplate":"https:\/\/www.cold-sense.com\/?s={search_term_string}"},"query-input":{"@type":"PropertyValueSpecification","valueRequired":true,"valueName":"search_term_string"}}],"inLanguage":"it-IT"}]}},"_links":{"self":[{"href":"https:\/\/www.cold-sense.com\/it\/wp-json\/wp\/v2\/pages\/16023","targetHints":{"allow":["GET"]}}],"collection":[{"href":"https:\/\/www.cold-sense.com\/it\/wp-json\/wp\/v2\/pages"}],"about":[{"href":"https:\/\/www.cold-sense.com\/it\/wp-json\/wp\/v2\/types\/page"}],"author":[{"embeddable":true,"href":"https:\/\/www.cold-sense.com\/it\/wp-json\/wp\/v2\/users\/1"}],"replies":[{"embeddable":true,"href":"https:\/\/www.cold-sense.com\/it\/wp-json\/wp\/v2\/comments?post=16023"}],"version-history":[{"count":26,"href":"https:\/\/www.cold-sense.com\/it\/wp-json\/wp\/v2\/pages\/16023\/revisions"}],"predecessor-version":[{"id":27990,"href":"https:\/\/www.cold-sense.com\/it\/wp-json\/wp\/v2\/pages\/16023\/revisions\/27990"}],"wp:attachment":[{"href":"https:\/\/www.cold-sense.com\/it\/wp-json\/wp\/v2\/media?parent=16023"}],"curies":[{"name":"wp","href":"https:\/\/api.w.org\/{rel}","templated":true}]}}